{"id":1802,"date":"2026-03-16T22:29:52","date_gmt":"2026-03-16T21:29:52","guid":{"rendered":"https:\/\/fluffyfriendslab.com\/produkte-fuer-katzen\/"},"modified":"2026-03-16T22:29:52","modified_gmt":"2026-03-16T21:29:52","slug":"produkte-fuer-katzen","status":"publish","type":"page","link":"https:\/\/fluffyfriendslab.com\/de\/produkte-fuer-katzen\/","title":{"rendered":"Produkte f\u00fcr Katzen"},"content":{"rendered":"","protected":false},"excerpt":{"rendered":"","protected":false},"author":2,"featured_media":0,"parent":0,"menu_order":0,"comment_status":"closed","ping_status":"closed","template":"","meta":{"footnotes":""},"class_list":["post-1802","page","type-page","status-publish","hentry"],"acf":[],"yoast_head":"<!-- This site is optimized with the Yoast SEO plugin v26.9 - https:\/\/yoast.com\/product\/yoast-seo-wordpress\/ -->\n<title>Produkte f\u00fcr Katzen &#187; FluffyFriendsLab<\/title>\n<meta name=\"robots\" content=\"index, follow, max-snippet:-1, max-image-preview:large, max-video-preview:-1\" \/>\n<link rel=\"canonical\" href=\"https:\/\/fluffyfriendslab.com\/de\/produkte-fuer-katzen\/\" \/>\n<meta property=\"og:locale\" content=\"de_DE\" \/>\n<meta property=\"og:type\" content=\"article\" \/>\n<meta property=\"og:title\" content=\"Produkte f\u00fcr Katzen &#187; FluffyFriendsLab\" \/>\n<meta property=\"og:url\" content=\"https:\/\/fluffyfriendslab.com\/de\/produkte-fuer-katzen\/\" \/>\n<meta property=\"og:site_name\" content=\"FluffyFriendsLab\" \/>\n<meta property=\"og:image\" content=\"https:\/\/fluffyfriendslab.com\/wp-content\/uploads\/2025\/03\/fluffy_friends_lab_cover.jpg\" \/>\n\t<meta property=\"og:image:width\" content=\"1128\" \/>\n\t<meta property=\"og:image:height\" content=\"191\" \/>\n\t<meta property=\"og:image:type\" content=\"image\/jpeg\" \/>\n<meta name=\"twitter:card\" content=\"summary_large_image\" \/>\n<script type=\"application\/ld+json\" class=\"yoast-schema-graph\">{\"@context\":\"https:\/\/schema.org\",\"@graph\":[{\"@type\":\"WebPage\",\"@id\":\"https:\/\/fluffyfriendslab.com\/de\/produkte-fuer-katzen\/\",\"url\":\"https:\/\/fluffyfriendslab.com\/de\/produkte-fuer-katzen\/\",\"name\":\"Produkte f\u00fcr Katzen &#187; FluffyFriendsLab\",\"isPartOf\":{\"@id\":\"https:\/\/fluffyfriendslab.com\/de\/#website\"},\"datePublished\":\"2026-03-16T21:29:52+00:00\",\"breadcrumb\":{\"@id\":\"https:\/\/fluffyfriendslab.com\/de\/produkte-fuer-katzen\/#breadcrumb\"},\"inLanguage\":\"de\",\"potentialAction\":[{\"@type\":\"ReadAction\",\"target\":[\"https:\/\/fluffyfriendslab.com\/de\/produkte-fuer-katzen\/\"]}]},{\"@type\":\"BreadcrumbList\",\"@id\":\"https:\/\/fluffyfriendslab.com\/de\/produkte-fuer-katzen\/#breadcrumb\",\"itemListElement\":[{\"@type\":\"ListItem\",\"position\":1,\"name\":\"Strona g\u0142\u00f3wna\",\"item\":\"https:\/\/fluffyfriendslab.com\/de\/\"},{\"@type\":\"ListItem\",\"position\":2,\"name\":\"Produkte f\u00fcr Katzen\"}]},{\"@type\":\"WebSite\",\"@id\":\"https:\/\/fluffyfriendslab.com\/de\/#website\",\"url\":\"https:\/\/fluffyfriendslab.com\/de\/\",\"name\":\"FluffyFriendsLab\",\"description\":\"Funkcjonalne mi\u0119kkie przek\u0105ski dla ps\u00f3w i kot\u00f3w\",\"publisher\":{\"@id\":\"https:\/\/fluffyfriendslab.com\/de\/#organization\"},\"potentialAction\":[{\"@type\":\"SearchAction\",\"target\":{\"@type\":\"EntryPoint\",\"urlTemplate\":\"https:\/\/fluffyfriendslab.com\/de\/?s={search_term_string}\"},\"query-input\":{\"@type\":\"PropertyValueSpecification\",\"valueRequired\":true,\"valueName\":\"search_term_string\"}}],\"inLanguage\":\"de\"},{\"@type\":\"Organization\",\"@id\":\"https:\/\/fluffyfriendslab.com\/de\/#organization\",\"name\":\"FluffyFriendsLab\",\"url\":\"https:\/\/fluffyfriendslab.com\/de\/\",\"logo\":{\"@type\":\"ImageObject\",\"inLanguage\":\"de\",\"@id\":\"https:\/\/fluffyfriendslab.com\/de\/#\/schema\/logo\/image\/\",\"url\":\"https:\/\/fluffyfriendslab.com\/wp-content\/uploads\/2025\/03\/logo_light.svg\",\"contentUrl\":\"https:\/\/fluffyfriendslab.com\/wp-content\/uploads\/2025\/03\/logo_light.svg\",\"width\":1,\"height\":1,\"caption\":\"FluffyFriendsLab\"},\"image\":{\"@id\":\"https:\/\/fluffyfriendslab.com\/de\/#\/schema\/logo\/image\/\"},\"sameAs\":[\"https:\/\/pl.linkedin.com\/company\/fluffy-friends-lab\"]}]}<\/script>\n<!-- \/ Yoast SEO plugin. -->","yoast_head_json":{"title":"Produkte f\u00fcr Katzen &#187; FluffyFriendsLab","robots":{"index":"index","follow":"follow","max-snippet":"max-snippet:-1","max-image-preview":"max-image-preview:large","max-video-preview":"max-video-preview:-1"},"canonical":"https:\/\/fluffyfriendslab.com\/de\/produkte-fuer-katzen\/","og_locale":"de_DE","og_type":"article","og_title":"Produkte f\u00fcr Katzen &#187; FluffyFriendsLab","og_url":"https:\/\/fluffyfriendslab.com\/de\/produkte-fuer-katzen\/","og_site_name":"FluffyFriendsLab","og_image":[{"width":1128,"height":191,"url":"https:\/\/fluffyfriendslab.com\/wp-content\/uploads\/2025\/03\/fluffy_friends_lab_cover.jpg","type":"image\/jpeg"}],"twitter_card":"summary_large_image","schema":{"@context":"https:\/\/schema.org","@graph":[{"@type":"WebPage","@id":"https:\/\/fluffyfriendslab.com\/de\/produkte-fuer-katzen\/","url":"https:\/\/fluffyfriendslab.com\/de\/produkte-fuer-katzen\/","name":"Produkte f\u00fcr Katzen &#187; FluffyFriendsLab","isPartOf":{"@id":"https:\/\/fluffyfriendslab.com\/de\/#website"},"datePublished":"2026-03-16T21:29:52+00:00","breadcrumb":{"@id":"https:\/\/fluffyfriendslab.com\/de\/produkte-fuer-katzen\/#breadcrumb"},"inLanguage":"de","potentialAction":[{"@type":"ReadAction","target":["https:\/\/fluffyfriendslab.com\/de\/produkte-fuer-katzen\/"]}]},{"@type":"BreadcrumbList","@id":"https:\/\/fluffyfriendslab.com\/de\/produkte-fuer-katzen\/#breadcrumb","itemListElement":[{"@type":"ListItem","position":1,"name":"Strona g\u0142\u00f3wna","item":"https:\/\/fluffyfriendslab.com\/de\/"},{"@type":"ListItem","position":2,"name":"Produkte f\u00fcr Katzen"}]},{"@type":"WebSite","@id":"https:\/\/fluffyfriendslab.com\/de\/#website","url":"https:\/\/fluffyfriendslab.com\/de\/","name":"FluffyFriendsLab","description":"Funkcjonalne mi\u0119kkie przek\u0105ski dla ps\u00f3w i kot\u00f3w","publisher":{"@id":"https:\/\/fluffyfriendslab.com\/de\/#organization"},"potentialAction":[{"@type":"SearchAction","target":{"@type":"EntryPoint","urlTemplate":"https:\/\/fluffyfriendslab.com\/de\/?s={search_term_string}"},"query-input":{"@type":"PropertyValueSpecification","valueRequired":true,"valueName":"search_term_string"}}],"inLanguage":"de"},{"@type":"Organization","@id":"https:\/\/fluffyfriendslab.com\/de\/#organization","name":"FluffyFriendsLab","url":"https:\/\/fluffyfriendslab.com\/de\/","logo":{"@type":"ImageObject","inLanguage":"de","@id":"https:\/\/fluffyfriendslab.com\/de\/#\/schema\/logo\/image\/","url":"https:\/\/fluffyfriendslab.com\/wp-content\/uploads\/2025\/03\/logo_light.svg","contentUrl":"https:\/\/fluffyfriendslab.com\/wp-content\/uploads\/2025\/03\/logo_light.svg","width":1,"height":1,"caption":"FluffyFriendsLab"},"image":{"@id":"https:\/\/fluffyfriendslab.com\/de\/#\/schema\/logo\/image\/"},"sameAs":["https:\/\/pl.linkedin.com\/company\/fluffy-friends-lab"]}]}},"_links":{"self":[{"href":"https:\/\/fluffyfriendslab.com\/de\/wp-json\/wp\/v2\/pages\/1802","targetHints":{"allow":["GET"]}}],"collection":[{"href":"https:\/\/fluffyfriendslab.com\/de\/wp-json\/wp\/v2\/pages"}],"about":[{"href":"https:\/\/fluffyfriendslab.com\/de\/wp-json\/wp\/v2\/types\/page"}],"author":[{"embeddable":true,"href":"https:\/\/fluffyfriendslab.com\/de\/wp-json\/wp\/v2\/users\/2"}],"replies":[{"embeddable":true,"href":"https:\/\/fluffyfriendslab.com\/de\/wp-json\/wp\/v2\/comments?post=1802"}],"version-history":[{"count":0,"href":"https:\/\/fluffyfriendslab.com\/de\/wp-json\/wp\/v2\/pages\/1802\/revisions"}],"wp:attachment":[{"href":"https:\/\/fluffyfriendslab.com\/de\/wp-json\/wp\/v2\/media?parent=1802"}],"curies":[{"name":"wp","href":"https:\/\/api.w.org\/{rel}","templated":true}]}}