{"id":1527,"date":"2025-10-19T01:45:51","date_gmt":"2025-10-18T23:45:51","guid":{"rendered":"https:\/\/fluffyfriendslab.com\/?page_id=1527"},"modified":"2025-10-19T01:48:08","modified_gmt":"2025-10-18T23:48:08","slug":"100-meat-treats","status":"publish","type":"page","link":"https:\/\/fluffyfriendslab.com\/en\/100-meat-treats\/","title":{"rendered":"100% Meat Treats"},"content":{"rendered":"","protected":false},"excerpt":{"rendered":"","protected":false},"author":2,"featured_media":0,"parent":0,"menu_order":0,"comment_status":"closed","ping_status":"closed","template":"","meta":{"footnotes":""},"class_list":["post-1527","page","type-page","status-publish","hentry"],"acf":[],"yoast_head":"<!-- This site is optimized with the Yoast SEO plugin v26.9 - https:\/\/yoast.com\/product\/yoast-seo-wordpress\/ -->\n<title>100% Meat Treats &#187; FluffyFriendsLab<\/title>\n<meta name=\"robots\" content=\"index, follow, max-snippet:-1, max-image-preview:large, max-video-preview:-1\" \/>\n<link rel=\"canonical\" href=\"https:\/\/fluffyfriendslab.com\/en\/100-meat-treats\/\" \/>\n<meta property=\"og:locale\" content=\"en_US\" \/>\n<meta property=\"og:type\" content=\"article\" \/>\n<meta property=\"og:title\" content=\"100% Meat Treats &#187; FluffyFriendsLab\" \/>\n<meta property=\"og:url\" content=\"https:\/\/fluffyfriendslab.com\/en\/100-meat-treats\/\" \/>\n<meta property=\"og:site_name\" content=\"FluffyFriendsLab\" \/>\n<meta property=\"article:modified_time\" content=\"2025-10-18T23:48:08+00:00\" \/>\n<meta property=\"og:image\" content=\"https:\/\/fluffyfriendslab.com\/wp-content\/uploads\/2025\/03\/fluffy_friends_lab_cover.jpg\" \/>\n\t<meta property=\"og:image:width\" content=\"1128\" \/>\n\t<meta property=\"og:image:height\" content=\"191\" \/>\n\t<meta property=\"og:image:type\" content=\"image\/jpeg\" \/>\n<meta name=\"twitter:card\" content=\"summary_large_image\" \/>\n<script type=\"application\/ld+json\" class=\"yoast-schema-graph\">{\"@context\":\"https:\/\/schema.org\",\"@graph\":[{\"@type\":\"WebPage\",\"@id\":\"https:\/\/fluffyfriendslab.com\/en\/100-meat-treats\/\",\"url\":\"https:\/\/fluffyfriendslab.com\/en\/100-meat-treats\/\",\"name\":\"100% Meat Treats &#187; FluffyFriendsLab\",\"isPartOf\":{\"@id\":\"https:\/\/fluffyfriendslab.com\/en\/#website\"},\"datePublished\":\"2025-10-18T23:45:51+00:00\",\"dateModified\":\"2025-10-18T23:48:08+00:00\",\"breadcrumb\":{\"@id\":\"https:\/\/fluffyfriendslab.com\/en\/100-meat-treats\/#breadcrumb\"},\"inLanguage\":\"en-US\",\"potentialAction\":[{\"@type\":\"ReadAction\",\"target\":[\"https:\/\/fluffyfriendslab.com\/en\/100-meat-treats\/\"]}]},{\"@type\":\"BreadcrumbList\",\"@id\":\"https:\/\/fluffyfriendslab.com\/en\/100-meat-treats\/#breadcrumb\",\"itemListElement\":[{\"@type\":\"ListItem\",\"position\":1,\"name\":\"Strona g\u0142\u00f3wna\",\"item\":\"https:\/\/fluffyfriendslab.com\/en\/\"},{\"@type\":\"ListItem\",\"position\":2,\"name\":\"100% Meat Treats\"}]},{\"@type\":\"WebSite\",\"@id\":\"https:\/\/fluffyfriendslab.com\/en\/#website\",\"url\":\"https:\/\/fluffyfriendslab.com\/en\/\",\"name\":\"FluffyFriendsLab\",\"description\":\"Funkcjonalne mi\u0119kkie przek\u0105ski dla ps\u00f3w i kot\u00f3w\",\"publisher\":{\"@id\":\"https:\/\/fluffyfriendslab.com\/en\/#organization\"},\"potentialAction\":[{\"@type\":\"SearchAction\",\"target\":{\"@type\":\"EntryPoint\",\"urlTemplate\":\"https:\/\/fluffyfriendslab.com\/en\/?s={search_term_string}\"},\"query-input\":{\"@type\":\"PropertyValueSpecification\",\"valueRequired\":true,\"valueName\":\"search_term_string\"}}],\"inLanguage\":\"en-US\"},{\"@type\":\"Organization\",\"@id\":\"https:\/\/fluffyfriendslab.com\/en\/#organization\",\"name\":\"FluffyFriendsLab\",\"url\":\"https:\/\/fluffyfriendslab.com\/en\/\",\"logo\":{\"@type\":\"ImageObject\",\"inLanguage\":\"en-US\",\"@id\":\"https:\/\/fluffyfriendslab.com\/en\/#\/schema\/logo\/image\/\",\"url\":\"https:\/\/fluffyfriendslab.com\/wp-content\/uploads\/2025\/03\/logo_light.svg\",\"contentUrl\":\"https:\/\/fluffyfriendslab.com\/wp-content\/uploads\/2025\/03\/logo_light.svg\",\"width\":1,\"height\":1,\"caption\":\"FluffyFriendsLab\"},\"image\":{\"@id\":\"https:\/\/fluffyfriendslab.com\/en\/#\/schema\/logo\/image\/\"},\"sameAs\":[\"https:\/\/pl.linkedin.com\/company\/fluffy-friends-lab\"]}]}<\/script>\n<!-- \/ Yoast SEO plugin. -->","yoast_head_json":{"title":"100% Meat Treats &#187; FluffyFriendsLab","robots":{"index":"index","follow":"follow","max-snippet":"max-snippet:-1","max-image-preview":"max-image-preview:large","max-video-preview":"max-video-preview:-1"},"canonical":"https:\/\/fluffyfriendslab.com\/en\/100-meat-treats\/","og_locale":"en_US","og_type":"article","og_title":"100% Meat Treats &#187; FluffyFriendsLab","og_url":"https:\/\/fluffyfriendslab.com\/en\/100-meat-treats\/","og_site_name":"FluffyFriendsLab","article_modified_time":"2025-10-18T23:48:08+00:00","og_image":[{"width":1128,"height":191,"url":"https:\/\/fluffyfriendslab.com\/wp-content\/uploads\/2025\/03\/fluffy_friends_lab_cover.jpg","type":"image\/jpeg"}],"twitter_card":"summary_large_image","schema":{"@context":"https:\/\/schema.org","@graph":[{"@type":"WebPage","@id":"https:\/\/fluffyfriendslab.com\/en\/100-meat-treats\/","url":"https:\/\/fluffyfriendslab.com\/en\/100-meat-treats\/","name":"100% Meat Treats &#187; FluffyFriendsLab","isPartOf":{"@id":"https:\/\/fluffyfriendslab.com\/en\/#website"},"datePublished":"2025-10-18T23:45:51+00:00","dateModified":"2025-10-18T23:48:08+00:00","breadcrumb":{"@id":"https:\/\/fluffyfriendslab.com\/en\/100-meat-treats\/#breadcrumb"},"inLanguage":"en-US","potentialAction":[{"@type":"ReadAction","target":["https:\/\/fluffyfriendslab.com\/en\/100-meat-treats\/"]}]},{"@type":"BreadcrumbList","@id":"https:\/\/fluffyfriendslab.com\/en\/100-meat-treats\/#breadcrumb","itemListElement":[{"@type":"ListItem","position":1,"name":"Strona g\u0142\u00f3wna","item":"https:\/\/fluffyfriendslab.com\/en\/"},{"@type":"ListItem","position":2,"name":"100% Meat Treats"}]},{"@type":"WebSite","@id":"https:\/\/fluffyfriendslab.com\/en\/#website","url":"https:\/\/fluffyfriendslab.com\/en\/","name":"FluffyFriendsLab","description":"Funkcjonalne mi\u0119kkie przek\u0105ski dla ps\u00f3w i kot\u00f3w","publisher":{"@id":"https:\/\/fluffyfriendslab.com\/en\/#organization"},"potentialAction":[{"@type":"SearchAction","target":{"@type":"EntryPoint","urlTemplate":"https:\/\/fluffyfriendslab.com\/en\/?s={search_term_string}"},"query-input":{"@type":"PropertyValueSpecification","valueRequired":true,"valueName":"search_term_string"}}],"inLanguage":"en-US"},{"@type":"Organization","@id":"https:\/\/fluffyfriendslab.com\/en\/#organization","name":"FluffyFriendsLab","url":"https:\/\/fluffyfriendslab.com\/en\/","logo":{"@type":"ImageObject","inLanguage":"en-US","@id":"https:\/\/fluffyfriendslab.com\/en\/#\/schema\/logo\/image\/","url":"https:\/\/fluffyfriendslab.com\/wp-content\/uploads\/2025\/03\/logo_light.svg","contentUrl":"https:\/\/fluffyfriendslab.com\/wp-content\/uploads\/2025\/03\/logo_light.svg","width":1,"height":1,"caption":"FluffyFriendsLab"},"image":{"@id":"https:\/\/fluffyfriendslab.com\/en\/#\/schema\/logo\/image\/"},"sameAs":["https:\/\/pl.linkedin.com\/company\/fluffy-friends-lab"]}]}},"_links":{"self":[{"href":"https:\/\/fluffyfriendslab.com\/en\/wp-json\/wp\/v2\/pages\/1527","targetHints":{"allow":["GET"]}}],"collection":[{"href":"https:\/\/fluffyfriendslab.com\/en\/wp-json\/wp\/v2\/pages"}],"about":[{"href":"https:\/\/fluffyfriendslab.com\/en\/wp-json\/wp\/v2\/types\/page"}],"author":[{"embeddable":true,"href":"https:\/\/fluffyfriendslab.com\/en\/wp-json\/wp\/v2\/users\/2"}],"replies":[{"embeddable":true,"href":"https:\/\/fluffyfriendslab.com\/en\/wp-json\/wp\/v2\/comments?post=1527"}],"version-history":[{"count":4,"href":"https:\/\/fluffyfriendslab.com\/en\/wp-json\/wp\/v2\/pages\/1527\/revisions"}],"predecessor-version":[{"id":1547,"href":"https:\/\/fluffyfriendslab.com\/en\/wp-json\/wp\/v2\/pages\/1527\/revisions\/1547"}],"wp:attachment":[{"href":"https:\/\/fluffyfriendslab.com\/en\/wp-json\/wp\/v2\/media?parent=1527"}],"curies":[{"name":"wp","href":"https:\/\/api.w.org\/{rel}","templated":true}]}}