{"id":672,"date":"2025-03-17T10:49:01","date_gmt":"2025-03-17T09:49:01","guid":{"rendered":"https:\/\/fluffyfriendslab.com\/investor-relations\/"},"modified":"2025-06-04T11:53:14","modified_gmt":"2025-06-04T09:53:14","slug":"investor-relations","status":"publish","type":"page","link":"https:\/\/fluffyfriendslab.com\/es\/investor-relations\/","title":{"rendered":"Relacje inwestorskie"},"content":{"rendered":"<div style=\"text-align: justify; font-weight: bold; line-height: 1.6;\">\r\n\r\n  FLUFFY FRIENDS LAB SP\u00d3\u0141KA AKCYJNA Sp\u00f3\u0142ka Akcyjna z siedzib\u0105 w Gda\u0144sku, ul. JA\u015aKOWA DOLINA, nr 132, lok. 20, 80-286, GDA\u0143SK, wpisana do rejestru przedsi\u0119biorc\u00f3w prowadzonego przez S\u0104D REJONOWY GDA\u0143SK\u00a0- P\u00d3\u0141NOC W GDA\u0143SKU, VII WYDZIA\u0141 GOSPODARCZY KRAJOWEGO REJESTRU S\u0104DOWEGO pod nr KRS: 0001067173, NIP: 9571165526, REGON: 526859442, kapita\u0142 zak\u0142adowy: 117\u00a0609,10 z\u0142, wp\u0142acony w ca\u0142o\u015bci.\r\n\r\n  <br><br>\r\n\r\n  Og\u0142oszenia o zwo\u0142aniu ZWZ:\r\n\r\n  <br><br>\r\n\r\n  1. <strong>\u00a0<a href=\"https:\/\/fluffyfriendslab.com\/wp-content\/uploads\/2025\/06\/OGLOSZENIE-O-ZWOLANIU-ZWYCZAJNEGO-WALNEGO-ZGROMADZENIA.docx.pdf\">OG\u0141OSZENIE O ZWO\u0141ANIU ZWYCZAJNEGO WALNEGO ZGROMADZENIA.docx<\/a><\/strong>\r\n\r\n<\/div>\r\n\r\n\r\n","protected":false},"excerpt":{"rendered":"<p>FLUFFY FRIENDS LAB SP\u00d3\u0141KA AKCYJNA Sp\u00f3\u0142ka Akcyjna z siedzib\u0105 w Gda\u0144sku, ul. JA\u015aKOWA DOLINA, nr 132, lok. 20, 80-286, GDA\u0143SK, wpisana do rejestru przedsi\u0119biorc\u00f3w prowadzonego przez S\u0104D REJONOWY GDA\u0143SK\u00a0- P\u00d3\u0141NOC W GDA\u0143SKU, VII WYDZIA\u0141 GOSPODARCZY KRAJOWEGO REJESTRU S\u0104DOWEGO pod nr KRS: 0001067173, NIP: 9571165526, REGON: 526859442, kapita\u0142 zak\u0142adowy: 117\u00a0609,10 z\u0142, wp\u0142acony w ca\u0142o\u015bci. Og\u0142oszenia o [&hellip;]<\/p>\n","protected":false},"author":1,"featured_media":0,"parent":0,"menu_order":0,"comment_status":"closed","ping_status":"closed","template":"","meta":{"footnotes":""},"class_list":["post-672","page","type-page","status-publish","hentry"],"acf":[],"yoast_head":"<!-- This site is optimized with the Yoast SEO plugin v26.9 - https:\/\/yoast.com\/product\/yoast-seo-wordpress\/ -->\n<title>Relacje inwestorskie &#187; FluffyFriendsLab<\/title>\n<meta name=\"robots\" content=\"index, follow, max-snippet:-1, max-image-preview:large, max-video-preview:-1\" \/>\n<link rel=\"canonical\" href=\"https:\/\/fluffyfriendslab.com\/es\/investor-relations\/\" \/>\n<meta property=\"og:locale\" content=\"es_ES\" \/>\n<meta property=\"og:type\" content=\"article\" \/>\n<meta property=\"og:title\" content=\"Relacje inwestorskie &#187; FluffyFriendsLab\" \/>\n<meta property=\"og:description\" content=\"FLUFFY FRIENDS LAB SP\u00d3\u0141KA AKCYJNA Sp\u00f3\u0142ka Akcyjna z siedzib\u0105 w Gda\u0144sku, ul. JA\u015aKOWA DOLINA, nr 132, lok. 20, 80-286, GDA\u0143SK, wpisana do rejestru przedsi\u0119biorc\u00f3w prowadzonego przez S\u0104D REJONOWY GDA\u0143SK\u00a0- P\u00d3\u0141NOC W GDA\u0143SKU, VII WYDZIA\u0141 GOSPODARCZY KRAJOWEGO REJESTRU S\u0104DOWEGO pod nr KRS: 0001067173, NIP: 9571165526, REGON: 526859442, kapita\u0142 zak\u0142adowy: 117\u00a0609,10 z\u0142, wp\u0142acony w ca\u0142o\u015bci. Og\u0142oszenia o [&hellip;]\" \/>\n<meta property=\"og:url\" content=\"https:\/\/fluffyfriendslab.com\/es\/investor-relations\/\" \/>\n<meta property=\"og:site_name\" content=\"FluffyFriendsLab\" \/>\n<meta property=\"article:modified_time\" content=\"2025-06-04T09:53:14+00:00\" \/>\n<meta property=\"og:image\" content=\"https:\/\/fluffyfriendslab.com\/wp-content\/uploads\/2025\/03\/fluffy_friends_lab_cover.jpg\" \/>\n\t<meta property=\"og:image:width\" content=\"1128\" \/>\n\t<meta property=\"og:image:height\" content=\"191\" \/>\n\t<meta property=\"og:image:type\" content=\"image\/jpeg\" \/>\n<meta name=\"twitter:card\" content=\"summary_large_image\" \/>\n<meta name=\"twitter:label1\" content=\"Tiempo de lectura\" \/>\n\t<meta name=\"twitter:data1\" content=\"1 minuto\" \/>\n<script type=\"application\/ld+json\" class=\"yoast-schema-graph\">{\"@context\":\"https:\/\/schema.org\",\"@graph\":[{\"@type\":\"WebPage\",\"@id\":\"https:\/\/fluffyfriendslab.com\/es\/investor-relations\/\",\"url\":\"https:\/\/fluffyfriendslab.com\/es\/investor-relations\/\",\"name\":\"Relacje inwestorskie &#187; FluffyFriendsLab\",\"isPartOf\":{\"@id\":\"https:\/\/fluffyfriendslab.com\/es\/#website\"},\"datePublished\":\"2025-03-17T09:49:01+00:00\",\"dateModified\":\"2025-06-04T09:53:14+00:00\",\"breadcrumb\":{\"@id\":\"https:\/\/fluffyfriendslab.com\/es\/investor-relations\/#breadcrumb\"},\"inLanguage\":\"es\",\"potentialAction\":[{\"@type\":\"ReadAction\",\"target\":[\"https:\/\/fluffyfriendslab.com\/es\/investor-relations\/\"]}]},{\"@type\":\"BreadcrumbList\",\"@id\":\"https:\/\/fluffyfriendslab.com\/es\/investor-relations\/#breadcrumb\",\"itemListElement\":[{\"@type\":\"ListItem\",\"position\":1,\"name\":\"Strona g\u0142\u00f3wna\",\"item\":\"https:\/\/fluffyfriendslab.com\/es\/\"},{\"@type\":\"ListItem\",\"position\":2,\"name\":\"Relacje inwestorskie\"}]},{\"@type\":\"WebSite\",\"@id\":\"https:\/\/fluffyfriendslab.com\/es\/#website\",\"url\":\"https:\/\/fluffyfriendslab.com\/es\/\",\"name\":\"FluffyFriendsLab\",\"description\":\"Funkcjonalne mi\u0119kkie przek\u0105ski dla ps\u00f3w i kot\u00f3w\",\"publisher\":{\"@id\":\"https:\/\/fluffyfriendslab.com\/es\/#organization\"},\"potentialAction\":[{\"@type\":\"SearchAction\",\"target\":{\"@type\":\"EntryPoint\",\"urlTemplate\":\"https:\/\/fluffyfriendslab.com\/es\/?s={search_term_string}\"},\"query-input\":{\"@type\":\"PropertyValueSpecification\",\"valueRequired\":true,\"valueName\":\"search_term_string\"}}],\"inLanguage\":\"es\"},{\"@type\":\"Organization\",\"@id\":\"https:\/\/fluffyfriendslab.com\/es\/#organization\",\"name\":\"FluffyFriendsLab\",\"url\":\"https:\/\/fluffyfriendslab.com\/es\/\",\"logo\":{\"@type\":\"ImageObject\",\"inLanguage\":\"es\",\"@id\":\"https:\/\/fluffyfriendslab.com\/es\/#\/schema\/logo\/image\/\",\"url\":\"https:\/\/fluffyfriendslab.com\/wp-content\/uploads\/2025\/03\/logo_light.svg\",\"contentUrl\":\"https:\/\/fluffyfriendslab.com\/wp-content\/uploads\/2025\/03\/logo_light.svg\",\"width\":1,\"height\":1,\"caption\":\"FluffyFriendsLab\"},\"image\":{\"@id\":\"https:\/\/fluffyfriendslab.com\/es\/#\/schema\/logo\/image\/\"},\"sameAs\":[\"https:\/\/pl.linkedin.com\/company\/fluffy-friends-lab\"]}]}<\/script>\n<!-- \/ Yoast SEO plugin. -->","yoast_head_json":{"title":"Relacje inwestorskie &#187; FluffyFriendsLab","robots":{"index":"index","follow":"follow","max-snippet":"max-snippet:-1","max-image-preview":"max-image-preview:large","max-video-preview":"max-video-preview:-1"},"canonical":"https:\/\/fluffyfriendslab.com\/es\/investor-relations\/","og_locale":"es_ES","og_type":"article","og_title":"Relacje inwestorskie &#187; FluffyFriendsLab","og_description":"FLUFFY FRIENDS LAB SP\u00d3\u0141KA AKCYJNA Sp\u00f3\u0142ka Akcyjna z siedzib\u0105 w Gda\u0144sku, ul. JA\u015aKOWA DOLINA, nr 132, lok. 20, 80-286, GDA\u0143SK, wpisana do rejestru przedsi\u0119biorc\u00f3w prowadzonego przez S\u0104D REJONOWY GDA\u0143SK\u00a0- P\u00d3\u0141NOC W GDA\u0143SKU, VII WYDZIA\u0141 GOSPODARCZY KRAJOWEGO REJESTRU S\u0104DOWEGO pod nr KRS: 0001067173, NIP: 9571165526, REGON: 526859442, kapita\u0142 zak\u0142adowy: 117\u00a0609,10 z\u0142, wp\u0142acony w ca\u0142o\u015bci. Og\u0142oszenia o [&hellip;]","og_url":"https:\/\/fluffyfriendslab.com\/es\/investor-relations\/","og_site_name":"FluffyFriendsLab","article_modified_time":"2025-06-04T09:53:14+00:00","og_image":[{"width":1128,"height":191,"url":"https:\/\/fluffyfriendslab.com\/wp-content\/uploads\/2025\/03\/fluffy_friends_lab_cover.jpg","type":"image\/jpeg"}],"twitter_card":"summary_large_image","twitter_misc":{"Tiempo de lectura":"1 minuto"},"schema":{"@context":"https:\/\/schema.org","@graph":[{"@type":"WebPage","@id":"https:\/\/fluffyfriendslab.com\/es\/investor-relations\/","url":"https:\/\/fluffyfriendslab.com\/es\/investor-relations\/","name":"Relacje inwestorskie &#187; FluffyFriendsLab","isPartOf":{"@id":"https:\/\/fluffyfriendslab.com\/es\/#website"},"datePublished":"2025-03-17T09:49:01+00:00","dateModified":"2025-06-04T09:53:14+00:00","breadcrumb":{"@id":"https:\/\/fluffyfriendslab.com\/es\/investor-relations\/#breadcrumb"},"inLanguage":"es","potentialAction":[{"@type":"ReadAction","target":["https:\/\/fluffyfriendslab.com\/es\/investor-relations\/"]}]},{"@type":"BreadcrumbList","@id":"https:\/\/fluffyfriendslab.com\/es\/investor-relations\/#breadcrumb","itemListElement":[{"@type":"ListItem","position":1,"name":"Strona g\u0142\u00f3wna","item":"https:\/\/fluffyfriendslab.com\/es\/"},{"@type":"ListItem","position":2,"name":"Relacje inwestorskie"}]},{"@type":"WebSite","@id":"https:\/\/fluffyfriendslab.com\/es\/#website","url":"https:\/\/fluffyfriendslab.com\/es\/","name":"FluffyFriendsLab","description":"Funkcjonalne mi\u0119kkie przek\u0105ski dla ps\u00f3w i kot\u00f3w","publisher":{"@id":"https:\/\/fluffyfriendslab.com\/es\/#organization"},"potentialAction":[{"@type":"SearchAction","target":{"@type":"EntryPoint","urlTemplate":"https:\/\/fluffyfriendslab.com\/es\/?s={search_term_string}"},"query-input":{"@type":"PropertyValueSpecification","valueRequired":true,"valueName":"search_term_string"}}],"inLanguage":"es"},{"@type":"Organization","@id":"https:\/\/fluffyfriendslab.com\/es\/#organization","name":"FluffyFriendsLab","url":"https:\/\/fluffyfriendslab.com\/es\/","logo":{"@type":"ImageObject","inLanguage":"es","@id":"https:\/\/fluffyfriendslab.com\/es\/#\/schema\/logo\/image\/","url":"https:\/\/fluffyfriendslab.com\/wp-content\/uploads\/2025\/03\/logo_light.svg","contentUrl":"https:\/\/fluffyfriendslab.com\/wp-content\/uploads\/2025\/03\/logo_light.svg","width":1,"height":1,"caption":"FluffyFriendsLab"},"image":{"@id":"https:\/\/fluffyfriendslab.com\/es\/#\/schema\/logo\/image\/"},"sameAs":["https:\/\/pl.linkedin.com\/company\/fluffy-friends-lab"]}]}},"_links":{"self":[{"href":"https:\/\/fluffyfriendslab.com\/es\/wp-json\/wp\/v2\/pages\/672","targetHints":{"allow":["GET"]}}],"collection":[{"href":"https:\/\/fluffyfriendslab.com\/es\/wp-json\/wp\/v2\/pages"}],"about":[{"href":"https:\/\/fluffyfriendslab.com\/es\/wp-json\/wp\/v2\/types\/page"}],"author":[{"embeddable":true,"href":"https:\/\/fluffyfriendslab.com\/es\/wp-json\/wp\/v2\/users\/1"}],"replies":[{"embeddable":true,"href":"https:\/\/fluffyfriendslab.com\/es\/wp-json\/wp\/v2\/comments?post=672"}],"version-history":[{"count":4,"href":"https:\/\/fluffyfriendslab.com\/es\/wp-json\/wp\/v2\/pages\/672\/revisions"}],"predecessor-version":[{"id":1437,"href":"https:\/\/fluffyfriendslab.com\/es\/wp-json\/wp\/v2\/pages\/672\/revisions\/1437"}],"wp:attachment":[{"href":"https:\/\/fluffyfriendslab.com\/es\/wp-json\/wp\/v2\/media?parent=672"}],"curies":[{"name":"wp","href":"https:\/\/api.w.org\/{rel}","templated":true}]}}