{"id":1801,"date":"2026-03-16T22:29:52","date_gmt":"2026-03-16T21:29:52","guid":{"rendered":"https:\/\/fluffyfriendslab.com\/produits-pour-chats\/"},"modified":"2026-04-13T22:32:12","modified_gmt":"2026-04-13T20:32:12","slug":"produits-pour-chats","status":"publish","type":"page","link":"https:\/\/fluffyfriendslab.com\/fr\/produits-pour-chats\/","title":{"rendered":"Produits pour chats"},"content":{"rendered":"","protected":false},"excerpt":{"rendered":"","protected":false},"author":2,"featured_media":0,"parent":0,"menu_order":0,"comment_status":"closed","ping_status":"closed","template":"","meta":{"footnotes":""},"class_list":["post-1801","page","type-page","status-publish","hentry"],"acf":[],"yoast_head":"<!-- This site is optimized with the Yoast SEO plugin v26.9 - https:\/\/yoast.com\/product\/yoast-seo-wordpress\/ -->\n<title>Produits pour chats &#187; FluffyFriendsLab<\/title>\n<meta name=\"robots\" content=\"index, follow, max-snippet:-1, max-image-preview:large, max-video-preview:-1\" \/>\n<link rel=\"canonical\" href=\"https:\/\/fluffyfriendslab.com\/fr\/produits-pour-chats\/\" \/>\n<meta property=\"og:locale\" content=\"fr_FR\" \/>\n<meta property=\"og:type\" content=\"article\" \/>\n<meta property=\"og:title\" content=\"Produits pour chats &#187; FluffyFriendsLab\" \/>\n<meta property=\"og:url\" content=\"https:\/\/fluffyfriendslab.com\/fr\/produits-pour-chats\/\" \/>\n<meta property=\"og:site_name\" content=\"FluffyFriendsLab\" \/>\n<meta property=\"article:modified_time\" content=\"2026-04-13T20:32:12+00:00\" \/>\n<meta property=\"og:image\" content=\"https:\/\/fluffyfriendslab.com\/wp-content\/uploads\/2025\/03\/fluffy_friends_lab_cover.jpg\" \/>\n\t<meta property=\"og:image:width\" content=\"1128\" \/>\n\t<meta property=\"og:image:height\" content=\"191\" \/>\n\t<meta property=\"og:image:type\" content=\"image\/jpeg\" \/>\n<meta name=\"twitter:card\" content=\"summary_large_image\" \/>\n<script type=\"application\/ld+json\" class=\"yoast-schema-graph\">{\"@context\":\"https:\/\/schema.org\",\"@graph\":[{\"@type\":\"WebPage\",\"@id\":\"https:\/\/fluffyfriendslab.com\/fr\/produits-pour-chats\/\",\"url\":\"https:\/\/fluffyfriendslab.com\/fr\/produits-pour-chats\/\",\"name\":\"Produits pour chats &#187; FluffyFriendsLab\",\"isPartOf\":{\"@id\":\"https:\/\/fluffyfriendslab.com\/fr\/#website\"},\"datePublished\":\"2026-03-16T21:29:52+00:00\",\"dateModified\":\"2026-04-13T20:32:12+00:00\",\"breadcrumb\":{\"@id\":\"https:\/\/fluffyfriendslab.com\/fr\/produits-pour-chats\/#breadcrumb\"},\"inLanguage\":\"fr-FR\",\"potentialAction\":[{\"@type\":\"ReadAction\",\"target\":[\"https:\/\/fluffyfriendslab.com\/fr\/produits-pour-chats\/\"]}]},{\"@type\":\"BreadcrumbList\",\"@id\":\"https:\/\/fluffyfriendslab.com\/fr\/produits-pour-chats\/#breadcrumb\",\"itemListElement\":[{\"@type\":\"ListItem\",\"position\":1,\"name\":\"Strona g\u0142\u00f3wna\",\"item\":\"https:\/\/fluffyfriendslab.com\/fr\/\"},{\"@type\":\"ListItem\",\"position\":2,\"name\":\"Produits pour chats\"}]},{\"@type\":\"WebSite\",\"@id\":\"https:\/\/fluffyfriendslab.com\/fr\/#website\",\"url\":\"https:\/\/fluffyfriendslab.com\/fr\/\",\"name\":\"FluffyFriendsLab\",\"description\":\"Funkcjonalne mi\u0119kkie przek\u0105ski dla ps\u00f3w i kot\u00f3w\",\"publisher\":{\"@id\":\"https:\/\/fluffyfriendslab.com\/fr\/#organization\"},\"potentialAction\":[{\"@type\":\"SearchAction\",\"target\":{\"@type\":\"EntryPoint\",\"urlTemplate\":\"https:\/\/fluffyfriendslab.com\/fr\/?s={search_term_string}\"},\"query-input\":{\"@type\":\"PropertyValueSpecification\",\"valueRequired\":true,\"valueName\":\"search_term_string\"}}],\"inLanguage\":\"fr-FR\"},{\"@type\":\"Organization\",\"@id\":\"https:\/\/fluffyfriendslab.com\/fr\/#organization\",\"name\":\"FluffyFriendsLab\",\"url\":\"https:\/\/fluffyfriendslab.com\/fr\/\",\"logo\":{\"@type\":\"ImageObject\",\"inLanguage\":\"fr-FR\",\"@id\":\"https:\/\/fluffyfriendslab.com\/fr\/#\/schema\/logo\/image\/\",\"url\":\"https:\/\/fluffyfriendslab.com\/wp-content\/uploads\/2025\/03\/logo_light.svg\",\"contentUrl\":\"https:\/\/fluffyfriendslab.com\/wp-content\/uploads\/2025\/03\/logo_light.svg\",\"width\":1,\"height\":1,\"caption\":\"FluffyFriendsLab\"},\"image\":{\"@id\":\"https:\/\/fluffyfriendslab.com\/fr\/#\/schema\/logo\/image\/\"},\"sameAs\":[\"https:\/\/pl.linkedin.com\/company\/fluffy-friends-lab\"]}]}<\/script>\n<!-- \/ Yoast SEO plugin. -->","yoast_head_json":{"title":"Produits pour chats &#187; FluffyFriendsLab","robots":{"index":"index","follow":"follow","max-snippet":"max-snippet:-1","max-image-preview":"max-image-preview:large","max-video-preview":"max-video-preview:-1"},"canonical":"https:\/\/fluffyfriendslab.com\/fr\/produits-pour-chats\/","og_locale":"fr_FR","og_type":"article","og_title":"Produits pour chats &#187; FluffyFriendsLab","og_url":"https:\/\/fluffyfriendslab.com\/fr\/produits-pour-chats\/","og_site_name":"FluffyFriendsLab","article_modified_time":"2026-04-13T20:32:12+00:00","og_image":[{"width":1128,"height":191,"url":"https:\/\/fluffyfriendslab.com\/wp-content\/uploads\/2025\/03\/fluffy_friends_lab_cover.jpg","type":"image\/jpeg"}],"twitter_card":"summary_large_image","schema":{"@context":"https:\/\/schema.org","@graph":[{"@type":"WebPage","@id":"https:\/\/fluffyfriendslab.com\/fr\/produits-pour-chats\/","url":"https:\/\/fluffyfriendslab.com\/fr\/produits-pour-chats\/","name":"Produits pour chats &#187; FluffyFriendsLab","isPartOf":{"@id":"https:\/\/fluffyfriendslab.com\/fr\/#website"},"datePublished":"2026-03-16T21:29:52+00:00","dateModified":"2026-04-13T20:32:12+00:00","breadcrumb":{"@id":"https:\/\/fluffyfriendslab.com\/fr\/produits-pour-chats\/#breadcrumb"},"inLanguage":"fr-FR","potentialAction":[{"@type":"ReadAction","target":["https:\/\/fluffyfriendslab.com\/fr\/produits-pour-chats\/"]}]},{"@type":"BreadcrumbList","@id":"https:\/\/fluffyfriendslab.com\/fr\/produits-pour-chats\/#breadcrumb","itemListElement":[{"@type":"ListItem","position":1,"name":"Strona g\u0142\u00f3wna","item":"https:\/\/fluffyfriendslab.com\/fr\/"},{"@type":"ListItem","position":2,"name":"Produits pour chats"}]},{"@type":"WebSite","@id":"https:\/\/fluffyfriendslab.com\/fr\/#website","url":"https:\/\/fluffyfriendslab.com\/fr\/","name":"FluffyFriendsLab","description":"Funkcjonalne mi\u0119kkie przek\u0105ski dla ps\u00f3w i kot\u00f3w","publisher":{"@id":"https:\/\/fluffyfriendslab.com\/fr\/#organization"},"potentialAction":[{"@type":"SearchAction","target":{"@type":"EntryPoint","urlTemplate":"https:\/\/fluffyfriendslab.com\/fr\/?s={search_term_string}"},"query-input":{"@type":"PropertyValueSpecification","valueRequired":true,"valueName":"search_term_string"}}],"inLanguage":"fr-FR"},{"@type":"Organization","@id":"https:\/\/fluffyfriendslab.com\/fr\/#organization","name":"FluffyFriendsLab","url":"https:\/\/fluffyfriendslab.com\/fr\/","logo":{"@type":"ImageObject","inLanguage":"fr-FR","@id":"https:\/\/fluffyfriendslab.com\/fr\/#\/schema\/logo\/image\/","url":"https:\/\/fluffyfriendslab.com\/wp-content\/uploads\/2025\/03\/logo_light.svg","contentUrl":"https:\/\/fluffyfriendslab.com\/wp-content\/uploads\/2025\/03\/logo_light.svg","width":1,"height":1,"caption":"FluffyFriendsLab"},"image":{"@id":"https:\/\/fluffyfriendslab.com\/fr\/#\/schema\/logo\/image\/"},"sameAs":["https:\/\/pl.linkedin.com\/company\/fluffy-friends-lab"]}]}},"_links":{"self":[{"href":"https:\/\/fluffyfriendslab.com\/fr\/wp-json\/wp\/v2\/pages\/1801","targetHints":{"allow":["GET"]}}],"collection":[{"href":"https:\/\/fluffyfriendslab.com\/fr\/wp-json\/wp\/v2\/pages"}],"about":[{"href":"https:\/\/fluffyfriendslab.com\/fr\/wp-json\/wp\/v2\/types\/page"}],"author":[{"embeddable":true,"href":"https:\/\/fluffyfriendslab.com\/fr\/wp-json\/wp\/v2\/users\/2"}],"replies":[{"embeddable":true,"href":"https:\/\/fluffyfriendslab.com\/fr\/wp-json\/wp\/v2\/comments?post=1801"}],"version-history":[{"count":1,"href":"https:\/\/fluffyfriendslab.com\/fr\/wp-json\/wp\/v2\/pages\/1801\/revisions"}],"predecessor-version":[{"id":1806,"href":"https:\/\/fluffyfriendslab.com\/fr\/wp-json\/wp\/v2\/pages\/1801\/revisions\/1806"}],"wp:attachment":[{"href":"https:\/\/fluffyfriendslab.com\/fr\/wp-json\/wp\/v2\/media?parent=1801"}],"curies":[{"name":"wp","href":"https:\/\/api.w.org\/{rel}","templated":true}]}}