{"id":578,"date":"2025-03-06T13:50:01","date_gmt":"2025-03-06T12:50:01","guid":{"rendered":"https:\/\/fluffyfriendslab.com\/snack-morbidi\/"},"modified":"2025-05-27T13:42:52","modified_gmt":"2025-05-27T11:42:52","slug":"soft-chews-for-dogs","status":"publish","type":"page","link":"https:\/\/fluffyfriendslab.com\/it\/offer\/soft-chews-for-dogs\/","title":{"rendered":"Snack morbidi per cani"},"content":{"rendered":"","protected":false},"excerpt":{"rendered":"","protected":false},"author":1,"featured_media":0,"parent":0,"menu_order":0,"comment_status":"closed","ping_status":"closed","template":"","meta":{"footnotes":""},"class_list":["post-578","page","type-page","status-publish","hentry"],"acf":[],"yoast_head":"<!-- This site is optimized with the Yoast SEO plugin v26.9 - https:\/\/yoast.com\/product\/yoast-seo-wordpress\/ -->\n<title>Snack morbidi per cani &#187; FluffyFriendsLab<\/title>\n<meta name=\"description\" content=\"Snack morbidi per cani. Formule uniche di snack funzionali per cani, caratterizzate da un&#039;azione efficace e un&#039;elevata appetibilit\u00e0.\" \/>\n<meta name=\"robots\" content=\"index, follow, max-snippet:-1, max-image-preview:large, max-video-preview:-1\" \/>\n<link rel=\"canonical\" href=\"https:\/\/fluffyfriendslab.com\/it\/offer\/soft-chews-for-dogs\/\" \/>\n<meta property=\"og:locale\" content=\"it_IT\" \/>\n<meta property=\"og:type\" content=\"article\" \/>\n<meta property=\"og:title\" content=\"Snack morbidi per cani &#187; FluffyFriendsLab\" \/>\n<meta property=\"og:description\" content=\"Snack morbidi per cani. Formule uniche di snack funzionali per cani, caratterizzate da un&#039;azione efficace e un&#039;elevata appetibilit\u00e0.\" \/>\n<meta property=\"og:url\" content=\"https:\/\/fluffyfriendslab.com\/it\/offer\/soft-chews-for-dogs\/\" \/>\n<meta property=\"og:site_name\" content=\"FluffyFriendsLab\" \/>\n<meta property=\"article:modified_time\" content=\"2025-05-27T11:42:52+00:00\" \/>\n<meta property=\"og:image\" content=\"https:\/\/fluffyfriendslab.com\/wp-content\/uploads\/2025\/03\/fluffy_friends_lab_cover.jpg\" \/>\n\t<meta property=\"og:image:width\" content=\"1128\" \/>\n\t<meta property=\"og:image:height\" content=\"191\" \/>\n\t<meta property=\"og:image:type\" content=\"image\/jpeg\" \/>\n<meta name=\"twitter:card\" content=\"summary_large_image\" \/>\n<script type=\"application\/ld+json\" class=\"yoast-schema-graph\">{\"@context\":\"https:\/\/schema.org\",\"@graph\":[{\"@type\":\"WebPage\",\"@id\":\"https:\/\/fluffyfriendslab.com\/it\/offer\/soft-chews-for-dogs\/\",\"url\":\"https:\/\/fluffyfriendslab.com\/it\/offer\/soft-chews-for-dogs\/\",\"name\":\"Snack morbidi per cani &#187; FluffyFriendsLab\",\"isPartOf\":{\"@id\":\"https:\/\/fluffyfriendslab.com\/it\/#website\"},\"datePublished\":\"2025-03-06T12:50:01+00:00\",\"dateModified\":\"2025-05-27T11:42:52+00:00\",\"description\":\"Snack morbidi per cani. Formule uniche di snack funzionali per cani, caratterizzate da un'azione efficace e un'elevata appetibilit\u00e0.\",\"breadcrumb\":{\"@id\":\"https:\/\/fluffyfriendslab.com\/it\/offer\/soft-chews-for-dogs\/#breadcrumb\"},\"inLanguage\":\"it-IT\",\"potentialAction\":[{\"@type\":\"ReadAction\",\"target\":[\"https:\/\/fluffyfriendslab.com\/it\/offer\/soft-chews-for-dogs\/\"]}]},{\"@type\":\"BreadcrumbList\",\"@id\":\"https:\/\/fluffyfriendslab.com\/it\/offer\/soft-chews-for-dogs\/#breadcrumb\",\"itemListElement\":[{\"@type\":\"ListItem\",\"position\":1,\"name\":\"Strona g\u0142\u00f3wna\",\"item\":\"https:\/\/fluffyfriendslab.com\/it\/\"},{\"@type\":\"ListItem\",\"position\":2,\"name\":\"Snack morbidi per cani\"}]},{\"@type\":\"WebSite\",\"@id\":\"https:\/\/fluffyfriendslab.com\/it\/#website\",\"url\":\"https:\/\/fluffyfriendslab.com\/it\/\",\"name\":\"FluffyFriendsLab\",\"description\":\"Funkcjonalne mi\u0119kkie przek\u0105ski dla ps\u00f3w i kot\u00f3w\",\"publisher\":{\"@id\":\"https:\/\/fluffyfriendslab.com\/it\/#organization\"},\"potentialAction\":[{\"@type\":\"SearchAction\",\"target\":{\"@type\":\"EntryPoint\",\"urlTemplate\":\"https:\/\/fluffyfriendslab.com\/it\/?s={search_term_string}\"},\"query-input\":{\"@type\":\"PropertyValueSpecification\",\"valueRequired\":true,\"valueName\":\"search_term_string\"}}],\"inLanguage\":\"it-IT\"},{\"@type\":\"Organization\",\"@id\":\"https:\/\/fluffyfriendslab.com\/it\/#organization\",\"name\":\"FluffyFriendsLab\",\"url\":\"https:\/\/fluffyfriendslab.com\/it\/\",\"logo\":{\"@type\":\"ImageObject\",\"inLanguage\":\"it-IT\",\"@id\":\"https:\/\/fluffyfriendslab.com\/it\/#\/schema\/logo\/image\/\",\"url\":\"https:\/\/fluffyfriendslab.com\/wp-content\/uploads\/2025\/03\/logo_light.svg\",\"contentUrl\":\"https:\/\/fluffyfriendslab.com\/wp-content\/uploads\/2025\/03\/logo_light.svg\",\"width\":1,\"height\":1,\"caption\":\"FluffyFriendsLab\"},\"image\":{\"@id\":\"https:\/\/fluffyfriendslab.com\/it\/#\/schema\/logo\/image\/\"},\"sameAs\":[\"https:\/\/pl.linkedin.com\/company\/fluffy-friends-lab\"]}]}<\/script>\n<!-- \/ Yoast SEO plugin. -->","yoast_head_json":{"title":"Snack morbidi per cani &#187; FluffyFriendsLab","description":"Snack morbidi per cani. Formule uniche di snack funzionali per cani, caratterizzate da un'azione efficace e un'elevata appetibilit\u00e0.","robots":{"index":"index","follow":"follow","max-snippet":"max-snippet:-1","max-image-preview":"max-image-preview:large","max-video-preview":"max-video-preview:-1"},"canonical":"https:\/\/fluffyfriendslab.com\/it\/offer\/soft-chews-for-dogs\/","og_locale":"it_IT","og_type":"article","og_title":"Snack morbidi per cani &#187; FluffyFriendsLab","og_description":"Snack morbidi per cani. Formule uniche di snack funzionali per cani, caratterizzate da un'azione efficace e un'elevata appetibilit\u00e0.","og_url":"https:\/\/fluffyfriendslab.com\/it\/offer\/soft-chews-for-dogs\/","og_site_name":"FluffyFriendsLab","article_modified_time":"2025-05-27T11:42:52+00:00","og_image":[{"width":1128,"height":191,"url":"https:\/\/fluffyfriendslab.com\/wp-content\/uploads\/2025\/03\/fluffy_friends_lab_cover.jpg","type":"image\/jpeg"}],"twitter_card":"summary_large_image","schema":{"@context":"https:\/\/schema.org","@graph":[{"@type":"WebPage","@id":"https:\/\/fluffyfriendslab.com\/it\/offer\/soft-chews-for-dogs\/","url":"https:\/\/fluffyfriendslab.com\/it\/offer\/soft-chews-for-dogs\/","name":"Snack morbidi per cani &#187; FluffyFriendsLab","isPartOf":{"@id":"https:\/\/fluffyfriendslab.com\/it\/#website"},"datePublished":"2025-03-06T12:50:01+00:00","dateModified":"2025-05-27T11:42:52+00:00","description":"Snack morbidi per cani. Formule uniche di snack funzionali per cani, caratterizzate da un'azione efficace e un'elevata appetibilit\u00e0.","breadcrumb":{"@id":"https:\/\/fluffyfriendslab.com\/it\/offer\/soft-chews-for-dogs\/#breadcrumb"},"inLanguage":"it-IT","potentialAction":[{"@type":"ReadAction","target":["https:\/\/fluffyfriendslab.com\/it\/offer\/soft-chews-for-dogs\/"]}]},{"@type":"BreadcrumbList","@id":"https:\/\/fluffyfriendslab.com\/it\/offer\/soft-chews-for-dogs\/#breadcrumb","itemListElement":[{"@type":"ListItem","position":1,"name":"Strona g\u0142\u00f3wna","item":"https:\/\/fluffyfriendslab.com\/it\/"},{"@type":"ListItem","position":2,"name":"Snack morbidi per cani"}]},{"@type":"WebSite","@id":"https:\/\/fluffyfriendslab.com\/it\/#website","url":"https:\/\/fluffyfriendslab.com\/it\/","name":"FluffyFriendsLab","description":"Funkcjonalne mi\u0119kkie przek\u0105ski dla ps\u00f3w i kot\u00f3w","publisher":{"@id":"https:\/\/fluffyfriendslab.com\/it\/#organization"},"potentialAction":[{"@type":"SearchAction","target":{"@type":"EntryPoint","urlTemplate":"https:\/\/fluffyfriendslab.com\/it\/?s={search_term_string}"},"query-input":{"@type":"PropertyValueSpecification","valueRequired":true,"valueName":"search_term_string"}}],"inLanguage":"it-IT"},{"@type":"Organization","@id":"https:\/\/fluffyfriendslab.com\/it\/#organization","name":"FluffyFriendsLab","url":"https:\/\/fluffyfriendslab.com\/it\/","logo":{"@type":"ImageObject","inLanguage":"it-IT","@id":"https:\/\/fluffyfriendslab.com\/it\/#\/schema\/logo\/image\/","url":"https:\/\/fluffyfriendslab.com\/wp-content\/uploads\/2025\/03\/logo_light.svg","contentUrl":"https:\/\/fluffyfriendslab.com\/wp-content\/uploads\/2025\/03\/logo_light.svg","width":1,"height":1,"caption":"FluffyFriendsLab"},"image":{"@id":"https:\/\/fluffyfriendslab.com\/it\/#\/schema\/logo\/image\/"},"sameAs":["https:\/\/pl.linkedin.com\/company\/fluffy-friends-lab"]}]}},"_links":{"self":[{"href":"https:\/\/fluffyfriendslab.com\/it\/wp-json\/wp\/v2\/pages\/578","targetHints":{"allow":["GET"]}}],"collection":[{"href":"https:\/\/fluffyfriendslab.com\/it\/wp-json\/wp\/v2\/pages"}],"about":[{"href":"https:\/\/fluffyfriendslab.com\/it\/wp-json\/wp\/v2\/types\/page"}],"author":[{"embeddable":true,"href":"https:\/\/fluffyfriendslab.com\/it\/wp-json\/wp\/v2\/users\/1"}],"replies":[{"embeddable":true,"href":"https:\/\/fluffyfriendslab.com\/it\/wp-json\/wp\/v2\/comments?post=578"}],"version-history":[{"count":3,"href":"https:\/\/fluffyfriendslab.com\/it\/wp-json\/wp\/v2\/pages\/578\/revisions"}],"predecessor-version":[{"id":1409,"href":"https:\/\/fluffyfriendslab.com\/it\/wp-json\/wp\/v2\/pages\/578\/revisions\/1409"}],"wp:attachment":[{"href":"https:\/\/fluffyfriendslab.com\/it\/wp-json\/wp\/v2\/media?parent=578"}],"curies":[{"name":"wp","href":"https:\/\/api.w.org\/{rel}","templated":true}]}}